{"id":166,"date":"2025-08-27T15:09:11","date_gmt":"2025-08-27T15:09:11","guid":{"rendered":"http:\/\/verstonikigai.fr\/?page_id=166"},"modified":"2025-08-27T15:54:11","modified_gmt":"2025-08-27T15:54:11","slug":"about","status":"publish","type":"page","link":"http:\/\/verstonikigai.fr\/index.php\/about\/","title":{"rendered":"About"},"content":{"rendered":"<p>[et_pb_section fb_built=&#8221;1&#8243; admin_label=&#8221;Header &#038; Video&#8221; _builder_version=&#8221;4.27.4&#8243; _module_preset=&#8221;a1feb822-bd42-4435-bf05-9293436b61b8&#8243; hover_enabled=&#8221;0&#8243; collapsed=&#8221;on&#8221; global_colors_info=&#8221;{}&#8221; sticky_enabled=&#8221;0&#8243; background_color=&#8221;#FFFFFF&#8221;][et_pb_row column_structure=&#8221;3_4,1_4&#8243; _builder_version=&#8221;4.27.4&#8243; _module_preset=&#8221;default&#8221; global_colors_info=&#8221;{}&#8221;][et_pb_column type=&#8221;3_4&#8243; _builder_version=&#8221;4.22.0&#8243; _module_preset=&#8221;default&#8221; global_colors_info=&#8221;{}&#8221;][et_pb_heading title=&#8221;Vers ton Ikigai&#8221; _builder_version=&#8221;4.25.2&#8243; _module_preset=&#8221;bab1f5c2-711f-4a93-bd7d-56727e3a69e6&#8243; global_colors_info=&#8221;{}&#8221;][\/et_pb_heading][et_pb_heading title=&#8221;Chacun m\u00e9rite de trouver un travail et une vie en accord avec ses passions, ses talents et ses valeurs.Trop souvent, nous avan\u00e7ons dans nos \u00e9tudes ou notre carri\u00e8re sans vraiment savoir ce qui nous anime profond\u00e9ment. R\u00e9sultat une perte de motivation, sentiment de vide, manque de sens.Notre mission est simple : t\u2019aider \u00e0 clarifier ton Ikigai, ce concept japonais qui signifie \u201craison d\u2019\u00eatre\u201d, et \u00e0 tracer ton propre chemin vers plus d\u2019\u00e9panouissement personnel et professionnel.&#8221; _builder_version=&#8221;4.27.4&#8243; _module_preset=&#8221;650047b0-e1f0-47ce-a3d6-7ea6feb85d6b&#8221; hover_enabled=&#8221;0&#8243; global_colors_info=&#8221;{}&#8221; sticky_enabled=&#8221;0&#8243; title_font_size=&#8221;24px&#8221;][\/et_pb_heading][\/et_pb_column][et_pb_column type=&#8221;1_4&#8243; _builder_version=&#8221;4.27.4&#8243; _module_preset=&#8221;default&#8221; global_colors_info=&#8221;{}&#8221;][\/et_pb_column][\/et_pb_row][et_pb_row column_structure=&#8221;1_4,3_4&#8243; _builder_version=&#8221;4.22.0&#8243; _module_preset=&#8221;default&#8221; global_colors_info=&#8221;{}&#8221;][et_pb_column type=&#8221;1_4&#8243; _builder_version=&#8221;4.22.0&#8243; _module_preset=&#8221;default&#8221; global_colors_info=&#8221;{}&#8221;][\/et_pb_column][et_pb_column type=&#8221;3_4&#8243; _builder_version=&#8221;4.22.0&#8243; _module_preset=&#8221;default&#8221; global_colors_info=&#8221;{}&#8221;][et_pb_video src=&#8221;https:\/\/www.youtube.com\/watch?v=FkQuawiGWUw&#8221; image_src=&#8221;http:\/\/verstonikigai.fr\/wp-content\/uploads\/2025\/08\/consulting-9.jpg&#8221; _builder_version=&#8221;4.25.2&#8243; _module_preset=&#8221;9451f0f6-f41f-414e-8ca5-a9c1a6edf5d8&#8243; global_colors_info=&#8221;{}&#8221;][\/et_pb_video][\/et_pb_column][\/et_pb_row][\/et_pb_section][et_pb_section fb_built=&#8221;1&#8243; admin_label=&#8221;Services&#8221; _builder_version=&#8221;4.27.4&#8243; _module_preset=&#8221;a1feb822-bd42-4435-bf05-9293436b61b8&#8243; hover_enabled=&#8221;0&#8243; collapsed=&#8221;on&#8221; global_colors_info=&#8221;{%22gcid-8a774e07-7ffa-496d-a3ae-ed0f5be735c7%22:%91%22background_color%22%93}&#8221; sticky_enabled=&#8221;0&#8243;][et_pb_row _builder_version=&#8221;4.22.0&#8243; _module_preset=&#8221;default&#8221; locked=&#8221;off&#8221; global_colors_info=&#8221;{}&#8221;][et_pb_column type=&#8221;4_4&#8243; _builder_version=&#8221;4.22.0&#8243; _module_preset=&#8221;default&#8221; global_colors_info=&#8221;{}&#8221;][et_pb_heading title=&#8221;Notre vision&#8221; _builder_version=&#8221;4.27.4&#8243; _module_preset=&#8221;7571ceed-e11d-4017-aca7-e69ffa9bb732&#8243; title_text_color=&#8221;gcid-primary-color&#8221; global_colors_info=&#8221;{%22gcid-primary-color%22:%91%22title_text_color%22%93}&#8221;][\/et_pb_heading][et_pb_heading title=&#8221;T&#8217;accompagner pour d\u00e9couvrir ton Ikigai&#8221; _builder_version=&#8221;4.25.2&#8243; _module_preset=&#8221;74cd5324-0710-481e-b08d-c5eb62ab2e27&#8243; title_level=&#8221;h2&#8243; title_text_color=&#8221;gcid-86e3b58b-8290-40f1-88ab-dd0e5cfed1b9&#8243; max_width=&#8221;800px&#8221; hover_enabled=&#8221;0&#8243; global_colors_info=&#8221;{%22gcid-0cddd2b1-8b06-4d9a-ae17-1cfad24229a1%22:%91%22quote_border_color%22%93,%22gcid-86e3b58b-8290-40f1-88ab-dd0e5cfed1b9%22:%91%22title_text_color%22%93}&#8221; sticky_enabled=&#8221;0&#8243;][\/et_pb_heading][\/et_pb_column][\/et_pb_row][et_pb_row column_structure=&#8221;1_2,1_4,1_4&#8243; make_equal=&#8221;on&#8221; _builder_version=&#8221;4.25.2&#8243; _module_preset=&#8221;default&#8221; locked=&#8221;off&#8221; global_colors_info=&#8221;{}&#8221;][et_pb_column type=&#8221;1_2&#8243; _builder_version=&#8221;4.25.2&#8243; _module_preset=&#8221;0e63fe7e-9745-4e68-89e6-432c4ffd9167&#8243; global_colors_info=&#8221;{}&#8221;][et_pb_text _builder_version=&#8221;4.25.2&#8243; _module_preset=&#8221;2c55a9c4-feed-423b-9edb-ae0b5b365cac&#8221; global_colors_info=&#8221;{%22gcid-0cddd2b1-8b06-4d9a-ae17-1cfad24229a1%22:%91%22quote_border_color%22%93,%22gcid-secondary-color%22:%91%22quote_border_color%22,%22link_text_color%22%93}&#8221;]<\/p>\n<p><span>Nous voulons rendre l\u2019Ikigai accessible \u00e0 tous, sous une forme simple, digitale et pratique.<\/span><br data-start=\"1552\" data-end=\"1555\" \/><span>Pas de jargon compliqu\u00e9, pas de longues th\u00e9ories, juste des outils concrets pour t\u2019aider \u00e0 mieux te conna\u00eetre et \u00e0 faire des choix \u00e9clair\u00e9s.<\/span><\/p>\n<p>[\/et_pb_text][\/et_pb_column][et_pb_column type=&#8221;1_4&#8243; _builder_version=&#8221;4.25.2&#8243; _module_preset=&#8221;e6763dee-51c3-4124-8c6f-fd2b14e7385c&#8221; background_image=&#8221;http:\/\/verstonikigai.fr\/wp-content\/uploads\/2025\/08\/consulting-7.jpg&#8221; global_colors_info=&#8221;{}&#8221;][et_pb_divider show_divider=&#8221;off&#8221; _builder_version=&#8221;4.22.0&#8243; _module_preset=&#8221;default&#8221; height_tablet=&#8221;40vw&#8221; height_phone=&#8221;40vw&#8221; height_last_edited=&#8221;on|desktop&#8221; locked=&#8221;off&#8221; global_colors_info=&#8221;{}&#8221;][\/et_pb_divider][\/et_pb_column][et_pb_column type=&#8221;1_4&#8243; _builder_version=&#8221;4.25.2&#8243; _module_preset=&#8221;e6763dee-51c3-4124-8c6f-fd2b14e7385c&#8221; background_image=&#8221;http:\/\/verstonikigai.fr\/wp-content\/uploads\/2025\/08\/consulting-13.jpg&#8221; global_colors_info=&#8221;{}&#8221;][et_pb_divider show_divider=&#8221;off&#8221; _builder_version=&#8221;4.22.0&#8243; _module_preset=&#8221;default&#8221; height_tablet=&#8221;40vw&#8221; height_phone=&#8221;40vw&#8221; height_last_edited=&#8221;on|desktop&#8221; locked=&#8221;off&#8221; global_colors_info=&#8221;{}&#8221;][\/et_pb_divider][\/et_pb_column][\/et_pb_row][\/et_pb_section]<\/p>\n","protected":false},"excerpt":{"rendered":"<p>Nous voulons rendre l\u2019Ikigai accessible \u00e0 tous, sous une forme simple, digitale et pratique.Pas de jargon compliqu\u00e9, pas de longues th\u00e9ories, juste des outils concrets pour t\u2019aider \u00e0 mieux te conna\u00eetre et \u00e0 faire des choix \u00e9clair\u00e9s.<\/p>\n","protected":false},"author":1,"featured_media":0,"parent":0,"menu_order":0,"comment_status":"closed","ping_status":"closed","template":"","meta":{"_et_pb_use_builder":"on","_et_pb_old_content":"","_et_gb_content_width":"","footnotes":""},"class_list":["post-166","page","type-page","status-publish","hentry"],"_links":{"self":[{"href":"http:\/\/verstonikigai.fr\/index.php\/wp-json\/wp\/v2\/pages\/166","targetHints":{"allow":["GET"]}}],"collection":[{"href":"http:\/\/verstonikigai.fr\/index.php\/wp-json\/wp\/v2\/pages"}],"about":[{"href":"http:\/\/verstonikigai.fr\/index.php\/wp-json\/wp\/v2\/types\/page"}],"author":[{"embeddable":true,"href":"http:\/\/verstonikigai.fr\/index.php\/wp-json\/wp\/v2\/users\/1"}],"replies":[{"embeddable":true,"href":"http:\/\/verstonikigai.fr\/index.php\/wp-json\/wp\/v2\/comments?post=166"}],"version-history":[{"count":2,"href":"http:\/\/verstonikigai.fr\/index.php\/wp-json\/wp\/v2\/pages\/166\/revisions"}],"predecessor-version":[{"id":234,"href":"http:\/\/verstonikigai.fr\/index.php\/wp-json\/wp\/v2\/pages\/166\/revisions\/234"}],"wp:attachment":[{"href":"http:\/\/verstonikigai.fr\/index.php\/wp-json\/wp\/v2\/media?parent=166"}],"curies":[{"name":"wp","href":"https:\/\/api.w.org\/{rel}","templated":true}]}}